{"id":120,"date":"2025-02-26T17:55:41","date_gmt":"2025-02-26T08:55:41","guid":{"rendered":"http:\/\/202502261124155005307.onamaeweb.jp\/?page_id=120"},"modified":"2025-03-03T14:05:23","modified_gmt":"2025-03-03T05:05:23","slug":"%e3%81%8a%e5%95%8f%e3%81%84%e5%90%88%e3%82%8f%e3%81%9b","status":"publish","type":"page","link":"https:\/\/202502261124155005307.onamaeweb.jp\/?page_id=120","title":{"rendered":"\u304a\u554f\u3044\u5408\u308f\u305b"},"content":{"rendered":"\n<p class=\"has-text-align-center\"><strong>\u5de5\u5177\u30fb\u91d1\u5c5e\u52a0\u5de5\u30fb\u696d\u52d9\u6539\u5584\u306e\u3053\u3068\u306f\u3082\u3061\u308d\u3093\u3001\u307e\u305a\u306f\u6c17\u8efd\u306b\u3054\u76f8\u8ac7\u304f\u3060\u3055\u3044\u3002<\/strong><\/p>\n\n\n\n<div class=\"wp-block-columns is-layout-flex wp-container-core-columns-is-layout-28f84493 wp-block-columns-is-layout-flex\">\n<div class=\"wp-block-column is-layout-flow wp-block-column-is-layout-flow\" style=\"flex-basis:25%\"><\/div>\n\n\n\n<div class=\"wp-block-column is-layout-flow wp-block-column-is-layout-flow\" style=\"flex-basis:100%\">\n<div class=\"wpcf7 no-js\" id=\"wpcf7-f121-o1\" lang=\"ja\" dir=\"ltr\" data-wpcf7-id=\"121\">\n<div class=\"screen-reader-response\"><p role=\"status\" aria-live=\"polite\" aria-atomic=\"true\"><\/p> <ul><\/ul><\/div>\n<form action=\"\/index.php?rest_route=%2Fwp%2Fv2%2Fpages%2F120#wpcf7-f121-o1\" method=\"post\" class=\"wpcf7-form init\" aria-label=\"\u30b3\u30f3\u30bf\u30af\u30c8\u30d5\u30a9\u30fc\u30e0\" novalidate=\"novalidate\" data-status=\"init\">\n<div style=\"display: none;\">\n<input type=\"hidden\" name=\"_wpcf7\" value=\"121\" \/>\n<input type=\"hidden\" name=\"_wpcf7_version\" value=\"6.0.4\" \/>\n<input type=\"hidden\" name=\"_wpcf7_locale\" value=\"ja\" \/>\n<input type=\"hidden\" name=\"_wpcf7_unit_tag\" value=\"wpcf7-f121-o1\" \/>\n<input type=\"hidden\" name=\"_wpcf7_container_post\" value=\"0\" \/>\n<input type=\"hidden\" name=\"_wpcf7_posted_data_hash\" value=\"\" \/>\n<\/div>\n<table class=\"Alps_table\">\n\t<tr>\n\t\t<th>\n\t\t\t<p><span class=\"Alps_req\">\u5fc5\u9808<\/span> \u3054\u76f8\u8ac7\u5185\u5bb9\n\t\t\t<\/p>\n\t\t<\/th>\n\t\t<td>\n\t\t\t<p><span class=\"wpcf7-form-control-wrap\" data-name=\"checkbox-inq\"><span class=\"wpcf7-form-control wpcf7-checkbox wpcf7-validates-as-required\"><span class=\"wpcf7-list-item first\"><input type=\"checkbox\" name=\"checkbox-inq[]\" value=\"\u6253\u3061\u5408\u308f\u305b\u5e0c\u671b\" \/><span class=\"wpcf7-list-item-label\">\u6253\u3061\u5408\u308f\u305b\u5e0c\u671b<\/span><\/span><span class=\"wpcf7-list-item\"><input type=\"checkbox\" name=\"checkbox-inq[]\" value=\"\u30b5\u30f3\u30d7\u30eb\u306e\u8acb\u6c42\" \/><span class=\"wpcf7-list-item-label\">\u30b5\u30f3\u30d7\u30eb\u306e\u8acb\u6c42<\/span><\/span><span class=\"wpcf7-list-item\"><input type=\"checkbox\" name=\"checkbox-inq[]\" value=\"\u898b\u7a4d\u3082\u308a\u306e\u8acb\u6c42\" \/><span class=\"wpcf7-list-item-label\">\u898b\u7a4d\u3082\u308a\u306e\u8acb\u6c42<\/span><\/span><span class=\"wpcf7-list-item\"><input type=\"checkbox\" name=\"checkbox-inq[]\" value=\"\u4f1a\u793e\u6982\u8981\u8cc7\u6599\u306e\u8acb\u6c42\" \/><span class=\"wpcf7-list-item-label\">\u4f1a\u793e\u6982\u8981\u8cc7\u6599\u306e\u8acb\u6c42<\/span><\/span><span class=\"wpcf7-list-item last\"><input type=\"checkbox\" name=\"checkbox-inq[]\" value=\"\u305d\u306e\u4ed6\" \/><span class=\"wpcf7-list-item-label\">\u305d\u306e\u4ed6<\/span><\/span><\/span><\/span>\n\t\t\t<\/p>\n\t\t<\/td>\n\t<\/tr>\n\t<tr>\n\t\t<th>\n\t\t\t<p><span class=\"Alps_req\">\u5fc5\u9808<\/span> \u304a\u540d\u524d\n\t\t\t<\/p>\n\t\t<\/th>\n\t\t<td>\n\t\t\t<p><span class=\"wpcf7-form-control-wrap\" data-name=\"your-name\"><input size=\"40\" maxlength=\"400\" class=\"wpcf7-form-control wpcf7-text wpcf7-validates-as-required\" aria-required=\"true\" aria-invalid=\"false\" placeholder=\"\u4f8b\uff1a\u3042\u306a\u305f\u306e\u304a\u540d\u524d\" value=\"\" type=\"text\" name=\"your-name\" \/><\/span>\n\t\t\t<\/p>\n\t\t<\/td>\n\t<\/tr>\n\t<tr>\n\t\t<th>\n\t\t\t<p><span class=\"Alps_req\">\u5fc5\u9808<\/span> \u30e1\u30fc\u30eb\u30a2\u30c9\u30ec\u30b9\n\t\t\t<\/p>\n\t\t<\/th>\n\t\t<td>\n\t\t\t<p><span class=\"wpcf7-form-control-wrap\" data-name=\"your-email\"><input size=\"40\" maxlength=\"400\" class=\"wpcf7-form-control wpcf7-email wpcf7-validates-as-required wpcf7-text wpcf7-validates-as-email\" aria-required=\"true\" aria-invalid=\"false\" placeholder=\"\u4f8b\uff1a\u00d7\u00d7\u00d7@\u00d7\u00d7\u00d7.com\" value=\"\" type=\"email\" name=\"your-email\" \/><\/span>\n\t\t\t<\/p>\n\t\t<\/td>\n\t<\/tr>\n\t<tr>\n\t\t<th>\n\t\t\t<p><span class=\"Alps_req\">\u5fc5\u9808<\/span>\u4f1a\u793e\u540d\n\t\t\t<\/p>\n\t\t<\/th>\n\t\t<td>\n\t\t\t<p><span class=\"wpcf7-form-control-wrap\" data-name=\"your-company\"><input size=\"40\" maxlength=\"400\" class=\"wpcf7-form-control wpcf7-text wpcf7-validates-as-required\" aria-required=\"true\" aria-invalid=\"false\" placeholder=\"\u4f8b\uff1a\u25ef\u25ef\u682a\u5f0f\u4f1a\u793e\" value=\"\" type=\"text\" name=\"your-company\" \/><\/span>\n\t\t\t<\/p>\n\t\t<\/td>\n\t<\/tr>\n\t<tr>\n\t\t<th>\n\t\t\t<p><span class=\"Alps_req\">\u5fc5\u9808<\/span>\u304a\u96fb\u8a71\u756a\u53f7\n\t\t\t<\/p>\n\t\t<\/th>\n\t\t<td>\n\t\t\t<p><span class=\"wpcf7-form-control-wrap\" data-name=\"your-tel\"><input size=\"40\" maxlength=\"400\" class=\"wpcf7-form-control wpcf7-text wpcf7-validates-as-required\" aria-required=\"true\" aria-invalid=\"false\" placeholder=\"\u4f8b\uff1a03-1234-5678\" value=\"\" type=\"text\" name=\"your-tel\" \/><\/span>\n\t\t\t<\/p>\n\t\t<\/td>\n\t<\/tr>\n\t<tr>\n\t\t<th>\n\t\t\t<p><span class=\"Alps_unreq\">\u4efb\u610f<\/span>\u30e1\u30c3\u30bb\u30fc\u30b8\u672c\u6587\n\t\t\t<\/p>\n\t\t<\/th>\n\t\t<td class=\"message-100\">\n\t\t\t<p><span class=\"wpcf7-form-control-wrap\" data-name=\"your-message\"><textarea cols=\"40\" rows=\"10\" maxlength=\"2000\" class=\"wpcf7-form-control wpcf7-textarea\" aria-invalid=\"false\" placeholder=\"\u304a\u554f\u3044\u5408\u308f\u305b\u5185\u5bb9\u3092\u3054\u8a18\u5165\u304f\u3060\u3055\u3044\u3002\u898b\u7a4d\u308a\u3001\u30b5\u30f3\u30d7\u30eb\u8acb\u6c42\u306e\u969b\u306b\u306f\u3001\u5546\u54c1\u540d\u3092\u8a18\u8f09\u3057\u3066\u304f\u3060\u3055\u3044\u3002\" name=\"your-message\"><\/textarea><\/span>\u3000\n\t\t\t<\/p>\n\t\t<\/td>\n\t<\/tr>\n<\/table>\n<p class=\"Alps_btn\"><input class=\"wpcf7-form-control wpcf7-submit has-spinner\" type=\"submit\" value=\"\u9001\u4fe1\u3059\u308b\" \/>\n<\/p>\n<p>\u3053\u306e\u30b5\u30a4\u30c8\u306freCAPTCHA\u306b\u3088\u3063\u3066\u4fdd\u8b77\u3055\u308c\u3066\u304a\u308a\u3001Google\u306e<a href=\"https:\/\/policies.google.com\/privacy\">\u30d7\u30e9\u30a4\u30d0\u30b7\u30fc\u30dd\u30ea\u30b7\u30fc<\/a>\u3068<a href=\"https:\/\/policies.google.com\/terms\">\u5229\u7528\u898f\u7d04<\/a>\u304c\u9069\u7528\u3055\u308c\u307e\u3059\u3002\n<\/p><div class=\"wpcf7-response-output\" aria-hidden=\"true\"><\/div>\n<\/form>\n<\/div>\n\n<\/div>\n\n\n\n<div class=\"wp-block-column is-layout-flow wp-block-column-is-layout-flow\" style=\"flex-basis:25%\"><\/div>\n<\/div>\n\n\n\n<style>\n.date-tags{\ndisplay:none;\n}\n.entry-title{\ndisplay:none;\n}\n\n#content{\nmargin-top:60px;\n}\n\n#container{\npadding-top:0px;\n}\n\n#main{\n border-top:0px;\n padding-top:0px;\n}\n\niframe{\n  margin: 0 auto;\n  display:block;\n  max-width: auto;\n}\n\na.line > img{\n  height:50px;\n}\n\n\/* \u4ee5\u4e0b\u304b\u3089\u30d5\u30a9\u30fc\u30e0 *\/\n\/*ContactForm7\u30ab\u30b9\u30bf\u30de\u30a4\u30ba*\/\n\/* \u30c6\u30fc\u30d6\u30eb\u5168\u4f53\u306e\u30ec\u30a4\u30a2\u30a6\u30c8\u30fb\u30b9\u30bf\u30a4\u30ea\u30f3\u30b0 *\/\n.Alps_table {\n  width: 100%;\n  border-collapse: collapse;\n  margin-bottom: 2rem;\n  background-color: #fff;\n  font-family: Noto Sans JP;\n}\n.Alps_table th {\n  background-color: #f5f5f5;\n  color: #333;\n  text-align: left;\n  padding: 1rem;\n  vertical-align: top;\n  width: 25%;\n  border-bottom: 1px solid #ddd;\n}\n\n.Alps_table td {\n  padding: 1rem;\n  border-bottom: 1px solid #ddd;\n}\n\n\/* \u5fc5\u9808\u30fb\u4efb\u610f\u30de\u30fc\u30af\u306e\u88c5\u98fe *\/\n.Alps_req, .Alps_unreq {\n  padding: 0.2rem 0.4rem;\n  border-radius: 4px;\n  font-size: 0.8rem;\n  margin-right: 0.5rem;\n}\n\n.Alps_req {\n  background-color: #d9534f; \/* \u5fc5\u9808\u30de\u30fc\u30af\u306e\u80cc\u666f\u8272\uff08\u8d64\u7cfb\uff09 *\/\n  color: #fff;\n}\n\n.Alps_unreq {\n  background-color: #ccc; \/* \u4efb\u610f\u30de\u30fc\u30af\u306e\u80cc\u666f\u8272\uff08\u30b0\u30ec\u30fc\uff09 *\/\n  color: #333;\n}\n\n\/* \u5165\u529b\u6b04\uff08text, email, textarea\u306a\u3069\uff09 *\/\ninput.wpcf7-form-control[type=\"text\"],\ninput.wpcf7-form-control[type=\"email\"],\ninput.wpcf7-form-control[type=\"tel\"],\ntextarea.wpcf7-form-control {\n  width: 100%;\n  padding: 0.75rem;\n  border: 1px solid #ccc;\n  border-radius: 4px;\n  outline: none;\n  font-size: 1rem;\n  box-sizing: border-box;\n}\n\ninput.wpcf7-form-control[type=\"text\"]:focus,\ninput.wpcf7-form-control[type=\"email\"]:focus,\ninput.wpcf7-form-control[type=\"tel\"]:focus,\ntextarea.wpcf7-form-control:focus {\n  border-color: #66afe9; \/* \u30d5\u30a9\u30fc\u30ab\u30b9\u6642\u306e\u67a0\u7dda\u8272 *\/\n  box-shadow: 0 0 5px rgba(102,175,233,0.3);\n}\n\n\/* textarea\u304c\u5927\u304d\u304f\u306a\u308b\u3088\u3046\u306b *\/\n.message-100 textarea.wpcf7-form-control {\n  height: 150px; \/* \u304a\u597d\u307f\u3067\u9ad8\u3055\u3092\u8abf\u6574 *\/\n}\n\n\/* \u9001\u4fe1\u30dc\u30bf\u30f3 *\/\n.Alps_btn {\n  text-align: center;\n  margin-top: 1rem;\n}\n\ninput.wpcf7-form-control.wpcf7-submit {\n  background-color: #007bff; \/* \u30dc\u30bf\u30f3\u80cc\u666f\u8272 *\/\n  color: #fff;\n  padding: 0.75rem 2rem;\n  font-size: 1rem;\n  border: none;\n  border-radius: 4px;\n  cursor: pointer;\n}\n\ninput.wpcf7-form-control.wpcf7-submit:hover {\n  background-color: #0056b3; \/* \u30db\u30d0\u30fc\u6642\u306e\u80cc\u666f\u8272 *\/\n}\n\n\/* reCAPTCHA\u7b49\u306e\u6ce8\u610f\u66f8\u304d\u30b9\u30bf\u30a4\u30eb *\/\n.Alps_table + p {\n  font-size: 0.85rem;\n  color: #666;\n  line-height: 1.4;\n  margin-top: 1rem;\n}\n\n<\/style>\n","protected":false},"excerpt":{"rendered":"<p>\u5de5\u5177\u30fb\u91d1\u5c5e\u52a0\u5de5\u30fb\u696d\u52d9\u6539\u5584\u306e\u3053\u3068\u306f\u3082\u3061\u308d\u3093\u3001\u307e\u305a\u306f\u6c17\u8efd\u306b\u3054\u76f8\u8ac7\u304f\u3060\u3055\u3044\u3002<\/p>\n","protected":false},"author":1,"featured_media":0,"parent":0,"menu_order":0,"comment_status":"closed","ping_status":"closed","template":"","meta":{"footnotes":""},"class_list":["post-120","page","type-page","status-publish","hentry"],"_links":{"self":[{"href":"https:\/\/202502261124155005307.onamaeweb.jp\/index.php?rest_route=\/wp\/v2\/pages\/120","targetHints":{"allow":["GET"]}}],"collection":[{"href":"https:\/\/202502261124155005307.onamaeweb.jp\/index.php?rest_route=\/wp\/v2\/pages"}],"about":[{"href":"https:\/\/202502261124155005307.onamaeweb.jp\/index.php?rest_route=\/wp\/v2\/types\/page"}],"author":[{"embeddable":true,"href":"https:\/\/202502261124155005307.onamaeweb.jp\/index.php?rest_route=\/wp\/v2\/users\/1"}],"replies":[{"embeddable":true,"href":"https:\/\/202502261124155005307.onamaeweb.jp\/index.php?rest_route=%2Fwp%2Fv2%2Fcomments&post=120"}],"version-history":[{"count":5,"href":"https:\/\/202502261124155005307.onamaeweb.jp\/index.php?rest_route=\/wp\/v2\/pages\/120\/revisions"}],"predecessor-version":[{"id":274,"href":"https:\/\/202502261124155005307.onamaeweb.jp\/index.php?rest_route=\/wp\/v2\/pages\/120\/revisions\/274"}],"wp:attachment":[{"href":"https:\/\/202502261124155005307.onamaeweb.jp\/index.php?rest_route=%2Fwp%2Fv2%2Fmedia&parent=120"}],"curies":[{"name":"wp","href":"https:\/\/api.w.org\/{rel}","templated":true}]}}